{"id":20940,"date":"2013-07-18T06:17:06","date_gmt":"2013-07-18T04:17:06","guid":{"rendered":"http:\/\/www.menzaprikoritu.org\/?page_id=20940"},"modified":"2013-07-23T13:30:11","modified_gmt":"2013-07-23T11:30:11","slug":"programske-smernice","status":"publish","type":"page","link":"https:\/\/menzaprikoritu.kudmreza.org\/?page_id=20940","title":{"rendered":"PROGRAMSKE SMERNICE"},"content":{"rendered":"<p style=\"text-align: justify;\"><img loading=\"lazy\" decoding=\"async\" class=\"alignleft size-full wp-image-21026\"  src=\"https:\/\/menzaprikoritu.kudmreza.org\/wp-content\/uploads\/2013\/07\/otroci-crn-okvir.jpg\" alt=\"otroci-crn-okvir\" width=\"155\" height=\"124\" \/><\/p>\n<p><img loading=\"lazy\" decoding=\"async\" class=\"alignleft size-full wp-image-21356\"  src=\"https:\/\/menzaprikoritu.kudmreza.org\/wp-content\/uploads\/2013\/07\/animacija-bel-okvir.jpg\" alt=\"animacija-bel-okvir\" width=\"155\" height=\"124\" \/><\/p>\n<p style=\"text-align: justify;\">Pri oblikovanju programa mladinskega centra dajemo prednost referen\u010dnim, dru\u017ebeno anga\u017eiranim vsebinam, ki izra\u017eajo in\/ali spodbujajo <strong>izvirnost<\/strong> in <strong>kreativnost<\/strong>. Podpiramo <strong>lastno produkcijo<\/strong> in <strong>lokalno vklju\u010denost,<\/strong> pozorni pa smo tudi na <strong>cenovno dostopnost<\/strong> dogodkov.<\/p>\n","protected":false},"excerpt":{"rendered":"<p>Pri oblikovanju programa mladinskega centra dajemo prednost referen\u010dnim, dru\u017ebeno anga\u017eiranim vsebinam, ki izra\u017eajo in\/ali spodbujajo izvirnost in kreativnost. Podpiramo lastno produkcijo in lokalno vklju\u010denost, pozorni pa smo tudi na cenovno dostopnost dogodkov.<\/p>\n","protected":false},"author":7,"featured_media":0,"parent":0,"menu_order":0,"comment_status":"open","ping_status":"open","template":"category.php","meta":{"footnotes":""},"class_list":["post-20940","page","type-page","status-publish","hentry"],"_links":{"self":[{"href":"https:\/\/menzaprikoritu.kudmreza.org\/index.php?rest_route=\/wp\/v2\/pages\/20940","targetHints":{"allow":["GET"]}}],"collection":[{"href":"https:\/\/menzaprikoritu.kudmreza.org\/index.php?rest_route=\/wp\/v2\/pages"}],"about":[{"href":"https:\/\/menzaprikoritu.kudmreza.org\/index.php?rest_route=\/wp\/v2\/types\/page"}],"author":[{"embeddable":true,"href":"https:\/\/menzaprikoritu.kudmreza.org\/index.php?rest_route=\/wp\/v2\/users\/7"}],"replies":[{"embeddable":true,"href":"https:\/\/menzaprikoritu.kudmreza.org\/index.php?rest_route=%2Fwp%2Fv2%2Fcomments&post=20940"}],"version-history":[{"count":0,"href":"https:\/\/menzaprikoritu.kudmreza.org\/index.php?rest_route=\/wp\/v2\/pages\/20940\/revisions"}],"wp:attachment":[{"href":"https:\/\/menzaprikoritu.kudmreza.org\/index.php?rest_route=%2Fwp%2Fv2%2Fmedia&parent=20940"}],"curies":[{"name":"wp","href":"https:\/\/api.w.org\/{rel}","templated":true}]}}