{"id":20820,"date":"2013-07-15T22:05:42","date_gmt":"2013-07-15T20:05:42","guid":{"rendered":"http:\/\/www.menzaprikoritu.org\/?page_id=20820"},"modified":"2013-08-12T10:30:56","modified_gmt":"2013-08-12T08:30:56","slug":"ponudnikom-programa","status":"publish","type":"page","link":"https:\/\/menzaprikoritu.kudmreza.org\/?page_id=20820","title":{"rendered":"PONUDNIKOM PROGRAMA"},"content":{"rendered":"<p style=\"text-align: left;\">\u010ce meni\u0161, da lahko mladinskemu centru Menza pri koritu ponudi\u0161 izvirno, kreativno in atraktivno programsko vsebino, ki se sklada z na\u0161imi <strong><a href=\"https:\/\/menzaprikoritu.kudmreza.org\/?page_id=311\">na\u010deli delovanja<\/a><\/strong> in <strong><a href=\"https:\/\/menzaprikoritu.kudmreza.org\/?page_id=20940\">programskimi smernicami<\/a><\/strong>, se nam oglasi na e-naslov <a href=\"mailto:info.menza@gmail.com\">info.menza@gmail.com<\/a>.<\/p>\n<p style=\"text-align: left;\"><img loading=\"lazy\" decoding=\"async\" class=\"alignleft size-full wp-image-21404\"  src=\"https:\/\/menzaprikoritu.kudmreza.org\/wp-content\/uploads\/2013\/07\/mala-smrt-crn-okvir.jpg\" alt=\"mala-smrt-crn-okvir\" width=\"150\" height=\"199\" \/><\/p>\n<p style=\"text-align: none;\"> Ponudba naj vsebuje <strong>kratek opis dogodka<\/strong> ter morebitne <strong>povezave do avdio-<\/strong> in <strong>videoposnetkov<\/strong>. Veselimo se morebitnega sodelovanja!<\/p>\n<p style=\"text-align: left;\"><strong>Pozor:<\/strong> Pri ume\u0161\u010danju dogodkov v program mladinskega centra Menza pri koritu imajo <strong>prednost oblike neformalnega izobra\u017eevanja<\/strong> (delavnice, predavanja, debate&#8230;), <strong>sejmi DIY produkcije<\/strong> in <strong>medob\u010dinska sodelovanja<\/strong>. Ve\u010djo pozornost \u017eelimo posve\u010dati tudi podro\u010djem aktivnega dr\u017eavljanstva, participacije in informiranja, mednarodnega mladinskega dela in medkulturnega u\u010denja mladih.<\/p>\n","protected":false},"excerpt":{"rendered":"<p>\u010ce meni\u0161, da lahko mladinskemu centru Menza pri koritu ponudi\u0161 izvirno, kreativno in atraktivno programsko vsebino, ki se sklada z na\u0161imi na\u010deli delovanja in programskimi smernicami, se nam oglasi na e-naslov info.menza@gmail.com. Ponudba naj vsebuje kratek opis dogodka ter morebitne povezave do avdio- in videoposnetkov. Veselimo se morebitnega sodelovanja! Pozor: Pri ume\u0161\u010danju dogodkov v program [&hellip;]<\/p>\n","protected":false},"author":7,"featured_media":0,"parent":0,"menu_order":0,"comment_status":"open","ping_status":"open","template":"","meta":{"footnotes":""},"class_list":["post-20820","page","type-page","status-publish","hentry"],"_links":{"self":[{"href":"https:\/\/menzaprikoritu.kudmreza.org\/index.php?rest_route=\/wp\/v2\/pages\/20820","targetHints":{"allow":["GET"]}}],"collection":[{"href":"https:\/\/menzaprikoritu.kudmreza.org\/index.php?rest_route=\/wp\/v2\/pages"}],"about":[{"href":"https:\/\/menzaprikoritu.kudmreza.org\/index.php?rest_route=\/wp\/v2\/types\/page"}],"author":[{"embeddable":true,"href":"https:\/\/menzaprikoritu.kudmreza.org\/index.php?rest_route=\/wp\/v2\/users\/7"}],"replies":[{"embeddable":true,"href":"https:\/\/menzaprikoritu.kudmreza.org\/index.php?rest_route=%2Fwp%2Fv2%2Fcomments&post=20820"}],"version-history":[{"count":0,"href":"https:\/\/menzaprikoritu.kudmreza.org\/index.php?rest_route=\/wp\/v2\/pages\/20820\/revisions"}],"wp:attachment":[{"href":"https:\/\/menzaprikoritu.kudmreza.org\/index.php?rest_route=%2Fwp%2Fv2%2Fmedia&parent=20820"}],"curies":[{"name":"wp","href":"https:\/\/api.w.org\/{rel}","templated":true}]}}