{"id":198,"date":"2009-06-23T04:43:57","date_gmt":"2009-06-23T09:43:57","guid":{"rendered":"http:\/\/localhost\/menza.dev\/?page_id=198"},"modified":"2014-10-28T10:30:08","modified_gmt":"2014-10-28T08:30:08","slug":"drmk-en","status":"publish","type":"page","link":"https:\/\/menzaprikoritu.kudmreza.org\/?page_id=198","title":{"rendered":"COLLABORATORS"},"content":{"rendered":"<p><img loading=\"lazy\" decoding=\"async\" class=\"alignnone size-full wp-image-21020\"  src=\"https:\/\/menzaprikoritu.kudmreza.org\/wp-content\/uploads\/2009\/06\/menza-zunaj-crn-okvir.jpg\" alt=\"menza-zunaj-crn-okvir\" width=\"400\" height=\"300\" \/><\/p>\n<h3>The program of the youth center is created in collaboration with:<\/h3>\n<p><a href=\"http:\/\/www.kudmreza.org\" target=\"_blank\"><strong>KUD MRE\u017dA <\/strong><\/a><\/p>\n<ul>\n<li> free workshops for young people called <strong><a href=\"https:\/\/menzaprikoritu.kudmreza.org\/?cat=16&#038;odpri=22346#22346\">CreActivities<\/a><\/strong><\/li>\n<li> concert series <strong>&#8220;<a href=\"https:\/\/menzaprikoritu.kudmreza.org\/?cat=16&#038;odpri=22344#22344\">D\u017eez pri koritu&#8221; [Jazz at the trough]<\/a><\/strong><\/li>\n<li> lectures <strong><a href=\"https:\/\/menzaprikoritu.kudmreza.org\/?cat=16&#038;odpri=22330#22330\">Material conditions of imagination<\/a> <\/strong><\/li>\n<li>festival of improvised music called <strong><a href=\"http:\/\/www.kudmreza.org\/osebnokolektivno\/?page_id=19\">Personal &#8211; Collective<\/a><\/strong><\/li>\n<\/ul>\n<p><a href=\"http:\/\/www.rdecezore.org\/?lang=en\"><strong>RED DAWNS<\/strong><\/a><\/p>\n<ul>\n<li> international feminist and queer festival<strong> <a href=\"http:\/\/www.rdecezore.org\/?lang=en\">Red Dawns<\/a><\/strong><\/li>\n<li>various benefits<\/li>\n<\/ul>\n<p><a href=\" https:\/\/www.facebook.com\/kentaver\"><strong>KUD KENTAVER<\/strong><\/a><a href=\"https:\/\/www.facebook.com\/kentaver\"><\/a><\/p>\n<ul>\n<li>monthly poetry readings <strong><a href=\"https:\/\/menzaprikoritu.kudmreza.org\/?cat=16&#038;odpri=22340#22340\">&#8220;Mlade rime&#8221;<\/a><\/strong><\/li>\n<li>new prose readings <strong><a href=\"https:\/\/menzaprikoritu.kudmreza.org\/?cat=16&#038;odpri=22338#22338\">&#8220;Prebranec&#8221;<\/a><\/strong><\/li>\n<li><strong><a href=\"https:\/\/menzaprikoritu.kudmreza.org\/?cat=16&#038;odpri=22340#22340\">&#8220;Mlade rime&#8221;<\/a><\/strong> festival<strong><br \/>\n<\/strong><\/li>\n<\/ul>\n<p><a href=\"https:\/\/www.facebook.com\/kud.buca\" target=\"_blank\"><strong>KUD SIZIFOVA BU\u010cA<\/strong><\/a><\/p>\n<ul>\n<li>concert series <strong><a href=\"https:\/\/menzaprikoritu.kudmreza.org\/?cat=16&#038;odpri=22336#22336\">&#8220;Punk pri koritu&#8221;<\/a><\/strong><\/li>\n<\/ul>\n<p><a href=\"http:\/\/www.sploh.si\"><strong>ZAVOD SPLOH<\/strong><\/a><\/p>\n<ul>\n<li>concert series\u00a0<strong> &#8220;Confine aperto&#8221;<\/strong><\/li>\n<\/ul>\n<p><strong><a href=\"https:\/\/menzaprikoritu.kudmreza.org\/?cat=16&#038;odpri=22342#22342\">CIRKUS PRI KORITU<\/a><\/strong><\/p>\n<ul>\n<li>weekly circus skills workshops and monthly performances <strong><a href=\"https:\/\/menzaprikoritu.kudmreza.org\/?cat=16&#038;odpri=22342#22342\">&#8220;Cirkus kabare&#8221;<\/a><\/strong><\/li>\n<\/ul>\n<p><a href=\"http:\/\/drmk.slohosting.com\"><strong>DRMK<\/strong> <\/a><\/p>\n<ul>\n<li><a href=\"http:\/\/drmk.slohosting.com\/en.noise.html\"><strong>Noise festival<\/strong><\/a> and occasional noise concerts<\/li>\n<\/ul>\n<p><a href=\"https:\/\/www.facebook.com\/ustanova.pb?fref=ts\" target=\"_blank\"><strong>USTANOVA POHORSKI BATALJON<\/strong> <\/a><\/p>\n<ul>\n<li>participating in the organization of various events<\/li>\n<\/ul>\n<p><a href=\"http:\/\/www2.arnes.si\/fv\" target=\"_blank\"><strong>FV MUSIC<\/strong><\/a><\/p>\n<ul>\n<li> organizing and promoting concerts<\/li>\n<\/ul>\n<p><a href=\"http:\/\/www.bubabooking.si\" target=\"_blank\"><strong>\u0160KUC BUBA<\/strong><\/a><\/p>\n<ul>\n<li>organizing and promoting concerts<\/li>\n<\/ul>\n<p><a href=\"https:\/\/www.facebook.com\/pages\/Panda-Banda\/100332560039011\" target=\"_blank\"><strong>PANDA BANDA<\/strong><\/a><\/p>\n<ul>\n<li> organizing and promoting concerts<\/li>\n<\/ul>\n<p><a href=\" http:\/\/www.radiostudent.si\" target=\"_blank\"><strong>RADIO \u0160TUDENT<\/strong><\/a><\/p>\n<ul>\n<li> organizing the finale of <strong><a href=\"http:\/\/www.radiostudent.si\/klubskimaraton\/\">Club marathon<\/a><\/strong> and other events<\/li>\n<\/ul>\n<p><a href=\"www.iglutheatre.com\" target=\"_blank\"><strong>IMPROVISATIONAL THEATRE OF LJUBLJANA &#8211; IGLU<\/strong><\/a><\/p>\n<ul>\n<li>monthly performances by improvisational theater groups<\/li>\n<\/ul>\n<p><a href=\"http:\/\/a-infoshop.blogspot.com\" target=\"_blank\"><strong>A-INFOSHOP<\/strong><\/a><\/p>\n<ul>\n<li>organizing benefits and book fairs<\/li>\n<\/ul>\n<h3>Other collaborators:<\/h3>\n<p><strong><a href=\"http:\/\/www.ljubljana.si\/si\/zivljenje-v-ljubljani\/druzine-otroci-mladi\/mladinski-centri\/cmc-siska\">ART CENTER SREDI\u0160\u010cE,<\/a><\/strong> <strong><a href=\"http:\/\/www.ljubljana.si\/si\/zivljenje-v-ljubljani\/druzine-otroci-mladi\/mladinski-centri\/cmc-siska\">\u010cETRTNI MLADINSKI CENTER \u0160I\u0160KA,<\/a><\/strong> <strong><a href=\"http:\/\/www.ljubljana.si\/si\/zivljenje-v-ljubljani\/druzine-otroci-mladi\/mladinski-centri\/cmc-zalog\">\u010cETRTNI MLADINSKI CENTER ZALOG,<\/a><\/strong> <strong><a href=\"http:\/\/www.ssof.si\/joomla\">DIJA\u0160KA SKUPNOST S\u0160OF<\/a><\/strong>, <strong><a href=\"http:\/\/www.drugagodba.si\">DRUGA GODBA,<\/a><\/strong> <strong><a href=\"http:\/\/porevit-eko.blogspot.com\/2011\/12\/nasa-vizija.html\">EKOLO\u0160KO DRU\u0160TVO POREVIT,<\/a><\/strong><br \/>\n<strong><a href=\"http:\/\/www.irzu.org\">IRZU \u2013 In\u0161titut za Raziskovanje Zvo\u010dnih Umetnosti,<\/a><\/strong><br \/>\n<strong>KUD PRVI PLAN, S. O. P.,<\/strong> <strong><a href=\"http:\/\/www.kct.si\/\">KULTURNA \u010cETRT TABOR,<\/a><\/strong> <strong><a href=\"http:\/\/www.drustvo-legebitra.si\">LEGEBITRA,<\/a><\/strong> <strong><a href=\"http:\/\/www.cityofwomen.org\">MESTO \u017dENSK,<\/a><\/strong> <strong><a href=\"http:\/\/www.mdj.si\">MLADINSKI DOM JAR\u0160E\/PRODUKCIJSKA \u0160OLA,<\/a><\/strong> <strong><strong><a href=\"http:\/\/moonleerecords.com\">MOONLEE RECORDS,<\/a><\/strong><\/strong> <strong><strong><a href=\"http:\/\/www.zavod-voluntariat.si\">VOLUNTARIAT,<\/a><\/strong> <strong><a href=\"http:\/\/www.vrtec-ledina.org\">VRTEC LEDINA,<\/a><\/strong> <strong><a href=\"http:\/\/www.vrtecvodmat.si\">VRTEC VODMAT<\/a><\/strong><\/strong><\/p>\n","protected":false},"excerpt":{"rendered":"<p>The program of the youth center is created in collaboration with: KUD MRE\u017dA free workshops for young people called CreActivities concert series &#8220;D\u017eez pri koritu&#8221; [Jazz at the trough] lectures Material conditions of imagination festival of improvised music called Personal &#8211; Collective RED DAWNS international feminist and queer festival Red Dawns various benefits KUD KENTAVER [&hellip;]<\/p>\n","protected":false},"author":7,"featured_media":0,"parent":0,"menu_order":0,"comment_status":"closed","ping_status":"closed","template":"page.php","meta":{"footnotes":""},"class_list":["post-198","page","type-page","status-publish","hentry"],"_links":{"self":[{"href":"https:\/\/menzaprikoritu.kudmreza.org\/index.php?rest_route=\/wp\/v2\/pages\/198","targetHints":{"allow":["GET"]}}],"collection":[{"href":"https:\/\/menzaprikoritu.kudmreza.org\/index.php?rest_route=\/wp\/v2\/pages"}],"about":[{"href":"https:\/\/menzaprikoritu.kudmreza.org\/index.php?rest_route=\/wp\/v2\/types\/page"}],"author":[{"embeddable":true,"href":"https:\/\/menzaprikoritu.kudmreza.org\/index.php?rest_route=\/wp\/v2\/users\/7"}],"replies":[{"embeddable":true,"href":"https:\/\/menzaprikoritu.kudmreza.org\/index.php?rest_route=%2Fwp%2Fv2%2Fcomments&post=198"}],"version-history":[{"count":0,"href":"https:\/\/menzaprikoritu.kudmreza.org\/index.php?rest_route=\/wp\/v2\/pages\/198\/revisions"}],"wp:attachment":[{"href":"https:\/\/menzaprikoritu.kudmreza.org\/index.php?rest_route=%2Fwp%2Fv2%2Fmedia&parent=198"}],"curies":[{"name":"wp","href":"https:\/\/api.w.org\/{rel}","templated":true}]}}