{"id":167,"date":"2009-06-23T02:41:37","date_gmt":"2009-06-23T07:41:37","guid":{"rendered":"http:\/\/localhost\/menza.dev\/?page_id=167"},"modified":"2014-10-28T10:27:26","modified_gmt":"2014-10-28T08:27:26","slug":"zoambo-zoet-workestrao","status":"publish","type":"page","link":"https:\/\/menzaprikoritu.kudmreza.org\/?page_id=167","title":{"rendered":"PRI KORITU SMO"},"content":{"rendered":"<p><img loading=\"lazy\" decoding=\"async\" class=\"alignnone size-full wp-image-21020\"  src=\"https:\/\/menzaprikoritu.kudmreza.org\/wp-content\/uploads\/2009\/06\/menza-zunaj-crn-okvir.jpg\" alt=\"menza-zunaj-crn-okvir\" width=\"400\" height=\"300\" \/><\/p>\n<h3>Program mladinskega centra Menza pri koritu soustvarjamo:<\/h3>\n<p><a href=\"http:\/\/www.kudmreza.org\" target=\"_blank\"><strong>KUD MRE\u017dA <\/strong><\/a><\/p>\n<ul>\n<li> brezpla\u010dne delavnice za mlade <strong><a href=\"https:\/\/menzaprikoritu.kudmreza.org\/?cat=15&#038;odpri=22328#22328\">KreAKtivnosti<\/a><\/strong><\/li>\n<li> koncertna serialka<strong> <a href=\"https:\/\/menzaprikoritu.kudmreza.org\/?cat=15&#038;odpri=22326#22326\">D\u017eez pri koritu<\/a><\/strong><\/li>\n<li> predavanja <strong><a href=\"https:\/\/menzaprikoritu.kudmreza.org\/?cat=15&#038;odpri=22313#22313\">Materialni pogoji domi\u0161ljije<\/a><\/strong><\/li>\n<li>festival svobodno improvizirane glasbe<strong> <a href=\"http:\/\/www.kudmreza.org\/osebnokolektivno\" target=\"_blank\">Osebno \u2013 kolektivno<\/a> <\/strong><\/li>\n<\/ul>\n<p><a href=\"http:\/\/www.rdecezore.org\"><strong>RDE\u010cE ZORE<\/strong><\/a><\/p>\n<ul>\n<li> Mednarodni feministi\u010dni in queerovski festival Rde\u010de zore<\/li>\n<li>razni benefit dogodki<\/li>\n<\/ul>\n<p><a href=\" https:\/\/www.facebook.com\/kentaver\"><strong>KUD KENTAVER<\/strong><\/a><a href=\"https:\/\/www.facebook.com\/kentaver\"><\/a><\/p>\n<ul>\n<li><strong>mese\u010dni pesni\u0161ki ve\u010deri<\/strong> <a href=\"https:\/\/menzaprikoritu.kudmreza.org\/?cat=15&#038;odpri=22322#22322\"><strong>Mlade rime<\/strong><\/a><\/li>\n<li>ve\u010deri nove proze <a href=\"https:\/\/menzaprikoritu.kudmreza.org\/?cat=15&#038;odpri=22320#22320\"><strong>Prebranec<\/strong><\/a><\/li>\n<li><strong>festival <\/strong><a href=\"https:\/\/menzaprikoritu.kudmreza.org\/?cat=15&#038;odpri=22322#22322\"><strong>Mlade rime<\/strong><\/a><\/li>\n<\/ul>\n<p><a href=\"https:\/\/www.facebook.com\/kud.buca\" target=\"_blank\"><strong>KUD SIZIFOVA BU\u010cA<\/strong><\/a><\/p>\n<ul>\n<li>koncertna serialka <a href=\"https:\/\/menzaprikoritu.kudmreza.org\/?cat=15&#038;odpri=22318#22318\"><strong>Punk pri koritu<\/strong><\/a><\/li>\n<\/ul>\n<p><a href=\"http:\/\/www.sploh.si\"><strong>ZAVOD SPLOH<\/strong><\/a><\/p>\n<ul>\n<li>koncertna serialka<strong> Confine aperto<\/strong><\/li>\n<\/ul>\n<p><strong><a href=\"https:\/\/menzaprikoritu.kudmreza.org\/?cat=15&#038;odpri=22324#22324\">CIRKUS PRI KORITU<\/a><\/strong><\/p>\n<ul>\n<li>tedenske cirku\u0161ke delavne in mese\u010dne predstave <a href=\"https:\/\/menzaprikoritu.kudmreza.org\/?cat=15&#038;odpri=22324#22324\"><strong>Cirkus kabare<\/strong><\/a><\/li>\n<\/ul>\n<p><a href=\"http:\/\/drmk.slohosting.com\"><strong>DRMK<\/strong> <\/a><\/p>\n<ul>\n<li>Noise festival in ob\u010dasni koncerti noisa<\/li>\n<\/ul>\n<p><a href=\"https:\/\/www.facebook.com\/ustanova.pb?fref=ts\" target=\"_blank\"><strong>USTANOVA POHORSKI BATALJON<\/strong> <\/a><\/p>\n<ul>\n<li>soorganizacija raznih dogodkov<\/li>\n<\/ul>\n<p><a href=\"http:\/\/www2.arnes.si\/fv\" target=\"_blank\"><strong>FV MUSIC<\/strong><\/a><\/p>\n<ul>\n<li> organizacija koncertov<\/li>\n<\/ul>\n<p><a href=\"http:\/\/www.bubabooking.si\" target=\"_blank\"><strong>\u0160KUC BUBA<\/strong><\/a><\/p>\n<ul>\n<li>organizacija koncertov<\/li>\n<\/ul>\n<p><a href=\"https:\/\/www.facebook.com\/pages\/Panda-Banda\/100332560039011\" target=\"_blank\"><strong>PANDA BANDA<\/strong><\/a><\/p>\n<ul>\n<li> organizacija koncertov<\/li>\n<\/ul>\n<p><a href=\" http:\/\/www.radiostudent.si\" target=\"_blank\"><strong>RADIO \u0160TUDENT<\/strong><\/a><\/p>\n<ul>\n<li> organizacija finala <strong>Klubskega maratona<\/strong> in drugih dogodkov<\/li>\n<\/ul>\n<p><a href=\"www.iglutheatre.com\" target=\"_blank\"><strong>IMPROVIZACIJSKO GLEDALI\u0160\u010cE LJUBLJANA &#8211; IGLU<\/strong><\/a><\/p>\n<ul>\n<li>mese\u010dne predstave improvizacijskega gledali\u0161\u010da<\/li>\n<\/ul>\n<p><a href=\"http:\/\/a-infoshop.blogspot.com\" target=\"_blank\"><strong>A-INFOSHOP<\/strong><\/a><\/p>\n<ul>\n<li>organizacija benefitov in knji\u017enih sejmov<\/li>\n<\/ul>\n<h3>Drugi sodelavci:<\/h3>\n<p><strong><a href=\"http:\/\/www.artcenter-slovenia.org\/\">ART CENTER SREDI\u0160\u010cE,<\/a><\/strong> <strong><a href=\"http:\/\/www.ljubljana.si\/si\/zivljenje-v-ljubljani\/druzine-otroci-mladi\/mladinski-centri\/cmc-siska\">\u010cETRTNI MLADINSKI CENTER \u0160I\u0160KA,<\/a><\/strong> <strong><a href=\"http:\/\/www.ljubljana.si\/si\/zivljenje-v-ljubljani\/druzine-otroci-mladi\/mladinski-centri\/cmc-zalog\">\u010cETRTNI MLADINSKI CENTER ZALOG,<\/a><\/strong> <strong><a href=\"http:\/\/www.ssof.si\/joomla\">DIJA\u0160KA SKUPNOST S\u0160OF<\/a><\/strong>, <strong><a href=\"http:\/\/www.drugagodba.si\">DRUGA GODBA,<\/a><\/strong> <strong><a href=\"http:\/\/porevit-eko.blogspot.com\/2011\/12\/nasa-vizija.html\">EKOLO\u0160KO DRU\u0160TVO POREVIT,<\/a><\/strong><br \/>\n<strong><a href=\"http:\/\/www.irzu.org\">IRZU \u2013 In\u0161titut za Raziskovanje Zvo\u010dnih Umetnosti,<\/a><\/strong><br \/>\n<strong>KUD PRVI PLAN, S. O. P.,<\/strong> <strong><a href=\"http:\/\/www.kct.si\/\">KULTURNA \u010cETRT TABOR,<\/a><\/strong> <strong><a href=\"http:\/\/www.drustvo-legebitra.si\">LEGEBITRA,<\/a><\/strong> <strong><a href=\"http:\/\/www.cityofwomen.org\">MESTO \u017dENSK,<\/a><\/strong> <strong><a href=\"http:\/\/www.mdj.si\">MLADINSKI DOM JAR\u0160E\/PRODUKCIJSKA \u0160OLA,<\/a><\/strong> <strong><strong><a href=\"http:\/\/moonleerecords.com\">MOONLEE RECORDS,<\/a><\/strong><\/strong> <strong><strong><a href=\"http:\/\/www.zavod-voluntariat.si\">VOLUNTARIAT,<\/a><\/strong> <strong><a href=\"http:\/\/www.vrtec-ledina.org\">VRTEC LEDINA,<\/a><\/strong> <strong><a href=\"http:\/\/www.vrtecvodmat.si\">VRTEC VODMAT<\/a><\/strong><\/strong><\/p>\n","protected":false},"excerpt":{"rendered":"<p>Program mladinskega centra Menza pri koritu soustvarjamo: KUD MRE\u017dA brezpla\u010dne delavnice za mlade KreAKtivnosti koncertna serialka D\u017eez pri koritu predavanja Materialni pogoji domi\u0161ljije festival svobodno improvizirane glasbe Osebno \u2013 kolektivno RDE\u010cE ZORE Mednarodni feministi\u010dni in queerovski festival Rde\u010de zore razni benefit dogodki KUD KENTAVER mese\u010dni pesni\u0161ki ve\u010deri Mlade rime ve\u010deri nove proze Prebranec festival Mlade [&hellip;]<\/p>\n","protected":false},"author":7,"featured_media":0,"parent":0,"menu_order":0,"comment_status":"closed","ping_status":"closed","template":"page.php","meta":{"footnotes":""},"class_list":["post-167","page","type-page","status-publish","hentry"],"_links":{"self":[{"href":"https:\/\/menzaprikoritu.kudmreza.org\/index.php?rest_route=\/wp\/v2\/pages\/167","targetHints":{"allow":["GET"]}}],"collection":[{"href":"https:\/\/menzaprikoritu.kudmreza.org\/index.php?rest_route=\/wp\/v2\/pages"}],"about":[{"href":"https:\/\/menzaprikoritu.kudmreza.org\/index.php?rest_route=\/wp\/v2\/types\/page"}],"author":[{"embeddable":true,"href":"https:\/\/menzaprikoritu.kudmreza.org\/index.php?rest_route=\/wp\/v2\/users\/7"}],"replies":[{"embeddable":true,"href":"https:\/\/menzaprikoritu.kudmreza.org\/index.php?rest_route=%2Fwp%2Fv2%2Fcomments&post=167"}],"version-history":[{"count":0,"href":"https:\/\/menzaprikoritu.kudmreza.org\/index.php?rest_route=\/wp\/v2\/pages\/167\/revisions"}],"wp:attachment":[{"href":"https:\/\/menzaprikoritu.kudmreza.org\/index.php?rest_route=%2Fwp%2Fv2%2Fmedia&parent=167"}],"curies":[{"name":"wp","href":"https:\/\/api.w.org\/{rel}","templated":true}]}}